{"id":1192,"date":"2024-08-27T16:46:27","date_gmt":"2024-08-27T14:46:27","guid":{"rendered":"http:\/\/parafiabrzeznio.pl\/?page_id=1192"},"modified":"2024-11-07T19:49:17","modified_gmt":"2024-11-07T18:49:17","slug":"prace-remontowo-konserwatorskie","status":"publish","type":"page","link":"https:\/\/parafiabrzeznio.pl\/?page_id=1192","title":{"rendered":"Prace remontowo-konserwatorskie"},"content":{"rendered":"<p><strong>Dotyczy: Zapytanie ofertowe: Prace konserwatorskie i restauratorskie deskowanej pod\u0142ogi ko\u015bcio\u0142a pw. \u015bw. Idziego w Brze\u017aniu\u00a0<\/strong><\/p>\n<p>Poni\u017cej link do zawiadomienia o wyborze wykonawcy zamieszczone na stronie internetowej:<\/p>\n<p>https:\/\/www.brzeznio.com\/asp\/zapytanie-ofertowe-pn-prace-konserwatorskie-i-restauratorskie-deskowanej-podlogi-kosciola-pw-sw-idziego-w-brzezniu,3,artykul,1,362<\/p>\n<p>&nbsp;<\/p>\n<p style=\"font-weight: 400;\"><strong>Dotyczy: Zapytanie ofertowe: Prace konserwatorskie i\u00a0restauratorskie rze\u017aby \u015bw. Wawrzy\u0144ca z\u00a0kapliczki przydro\u017cnej w\u00a0Ostrowie<\/strong><\/p>\n<p style=\"font-weight: 400;\">Poni\u017cej link do zawiadomienia o wyborze wykonawcy zamieszczone na stronie internetowej:<\/p>\n<p style=\"font-weight: 400;\"><a href=\"https:\/\/www.brzeznio.com\/asp\/zapytanie-ofertowe-prace-konserwatorskie-i-restauratorskie-rzezby-sw-wawrzynca-z-kapliczki-przydroznej-w-ostrowie,3,artykul,1,343\">https:\/\/www.brzeznio.com\/asp\/zapytanie-ofertowe-prace-konserwatorskie-i-restauratorskie-rzezby-sw-wawrzynca-z-kapliczki-przydroznej-w-ostrowie,3,artykul,1,343<\/a><\/p>\n<p>&nbsp;<\/p>\n<p style=\"font-weight: 400;\">Dotyczy: \u00a0<strong>Prace konserwatorskie i restauratorskie drzwi z klamkami i kamiennych schod\u00f3w ko\u015bcio\u0142a pw. \u015aw. Idziego w Brze\u017aniu\u00a0<\/strong><\/p>\n<p style=\"font-weight: 400;\">Poni\u017cej link do zawiadomienia o wyborze wykonawcy zamieszczone na stronie internetowej:<\/p>\n<p style=\"font-weight: 400;\"><a href=\"https:\/\/www.brzeznio.com\/asp\/zapytanie-ofertowe---prace-konserwatorskie-i-restauratorskie-drzwi-z-klamkami-i-kamiennych-schodow-kosciola-pw-sw-idzieg,3,artykul,1,341\">https:\/\/www.brzeznio.com\/asp\/zapytanie-ofertowe&#8212;prace-konserwatorskie-i-restauratorskie-drzwi-z-klamkami-i-kamiennych-schodow-kosciola-pw-sw-idzieg,3,artykul,1,341<\/a><\/p>\n<p>&nbsp;<\/p>\n<p>&nbsp;<\/p>\n","protected":false},"excerpt":{"rendered":"<p>Dotyczy: Zapytanie ofertowe: Prace konserwatorskie i restauratorskie deskowanej pod\u0142ogi ko\u015bcio\u0142a pw. \u015bw. Idziego w Brze\u017aniu\u00a0 Poni\u017cej link do zawiadomienia o wyborze wykonawcy zamieszczone na stronie internetowej: https:\/\/www.brzeznio.com\/asp\/zapytanie-ofertowe-pn-prace-konserwatorskie-i-restauratorskie-deskowanej-podlogi-kosciola-pw-sw-idziego-w-brzezniu,3,artykul,1,362 &nbsp; Dotyczy: Zapytanie ofertowe: Prace konserwatorskie i\u00a0restauratorskie rze\u017aby \u015bw. Wawrzy\u0144ca z\u00a0kapliczki przydro\u017cnej w\u00a0Ostrowie Poni\u017cej link do zawiadomienia o wyborze wykonawcy zamieszczone na stronie \u2026 <a class=\"continue-reading-link\" href=\"https:\/\/parafiabrzeznio.pl\/?page_id=1192\"> Continue reading <span class=\"meta-nav\">&rarr; <\/span><\/a><\/p>\n","protected":false},"author":1,"featured_media":0,"parent":0,"menu_order":0,"comment_status":"closed","ping_status":"closed","template":"","meta":{"footnotes":""},"class_list":["post-1192","page","type-page","status-publish","hentry"],"_links":{"self":[{"href":"https:\/\/parafiabrzeznio.pl\/index.php?rest_route=\/wp\/v2\/pages\/1192","targetHints":{"allow":["GET"]}}],"collection":[{"href":"https:\/\/parafiabrzeznio.pl\/index.php?rest_route=\/wp\/v2\/pages"}],"about":[{"href":"https:\/\/parafiabrzeznio.pl\/index.php?rest_route=\/wp\/v2\/types\/page"}],"author":[{"embeddable":true,"href":"https:\/\/parafiabrzeznio.pl\/index.php?rest_route=\/wp\/v2\/users\/1"}],"replies":[{"embeddable":true,"href":"https:\/\/parafiabrzeznio.pl\/index.php?rest_route=%2Fwp%2Fv2%2Fcomments&post=1192"}],"version-history":[{"count":5,"href":"https:\/\/parafiabrzeznio.pl\/index.php?rest_route=\/wp\/v2\/pages\/1192\/revisions"}],"predecessor-version":[{"id":1254,"href":"https:\/\/parafiabrzeznio.pl\/index.php?rest_route=\/wp\/v2\/pages\/1192\/revisions\/1254"}],"wp:attachment":[{"href":"https:\/\/parafiabrzeznio.pl\/index.php?rest_route=%2Fwp%2Fv2%2Fmedia&parent=1192"}],"curies":[{"name":"wp","href":"https:\/\/api.w.org\/{rel}","templated":true}]}}